{"id":167,"date":"2024-10-15T14:09:16","date_gmt":"2024-10-15T05:09:16","guid":{"rendered":"https:\/\/timorlestemusicawards.com\/?page_id=167"},"modified":"2024-10-30T15:27:55","modified_gmt":"2024-10-30T06:27:55","slug":"event-schedule","status":"publish","type":"page","link":"https:\/\/timorlestemusicawards.com\/en\/event-schedule\/","title":{"rendered":"Event Schedule"},"content":{"rendered":"<div data-elementor-type=\"wp-page\" data-elementor-id=\"167\" class=\"elementor elementor-167\" data-elementor-post-type=\"page\">\n\t\t\t\t<div class=\"elementor-element elementor-element-1308d40 e-con-full e-flex e-con e-parent\" data-id=\"1308d40\" data-element_type=\"container\" data-settings=\"{&quot;background_background&quot;:&quot;gradient&quot;}\">\n\t\t<div class=\"elementor-element elementor-element-9797a2f e-flex e-con-boxed e-con e-child\" data-id=\"9797a2f\" data-element_type=\"container\" data-settings=\"{&quot;background_background&quot;:&quot;classic&quot;}\">\n\t\t\t\t\t<div class=\"e-con-inner\">\n\t\t<div class=\"elementor-element elementor-element-0cc9511 e-flex e-con-boxed e-con e-child\" data-id=\"0cc9511\" data-element_type=\"container\">\n\t\t\t\t\t<div class=\"e-con-inner\">\n\t\t\t\t<div class=\"elementor-element elementor-element-e9d892e elementor-widget elementor-widget-theme-post-title elementor-page-title elementor-widget-heading\" data-id=\"e9d892e\" data-element_type=\"widget\" data-widget_type=\"theme-post-title.default\">\n\t\t\t\t<div class=\"elementor-widget-container\">\n\t\t\t\t\t<h1 class=\"elementor-heading-title elementor-size-default\">Event Schedule<\/h1>\t\t\t\t<\/div>\n\t\t\t\t<\/div>\n\t\t\t\t\t<\/div>\n\t\t\t\t<\/div>\n\t\t\t\t\t<\/div>\n\t\t\t\t<\/div>\n\t\t\t\t<\/div>\n\t\t<div class=\"elementor-element elementor-element-b190db2 e-con-full e-flex e-con e-parent\" data-id=\"b190db2\" data-element_type=\"container\">\n\t\t<div class=\"elementor-element elementor-element-f0da6e0 e-con-full e-flex e-con e-child\" data-id=\"f0da6e0\" data-element_type=\"container\">\n\t\t<div class=\"elementor-element elementor-element-00e0ac7 e-con-full e-flex e-con e-child\" data-id=\"00e0ac7\" data-element_type=\"container\" data-settings=\"{&quot;background_background&quot;:&quot;gradient&quot;}\">\n\t\t\t\t<div class=\"elementor-element elementor-element-ea4a663 elementor-widget elementor-widget-image\" data-id=\"ea4a663\" data-element_type=\"widget\" data-widget_type=\"image.default\">\n\t\t\t\t<div class=\"elementor-widget-container\">\n\t\t\t\t\t\t\t\t\t\t\t\t\t\t\t<img decoding=\"async\" src=\"https:\/\/timorlestemusicawards.com\/wp-content\/uploads\/elementor\/thumbs\/1-qvl0izglmj8nv14u3wkb2rh4hs81faj5bjon5nfxy8.webp\" title=\"1\" alt=\"1\" loading=\"lazy\" \/>\t\t\t\t\t\t\t\t\t\t\t\t\t\t\t<\/div>\n\t\t\t\t<\/div>\n\t\t\t\t<div class=\"elementor-element elementor-element-021677d elementor-widget elementor-widget-icon-box\" data-id=\"021677d\" data-element_type=\"widget\" data-widget_type=\"icon-box.default\">\n\t\t\t\t<div class=\"elementor-widget-container\">\n\t\t\t\t\t\t\t<div class=\"elementor-icon-box-wrapper\">\n\n\t\t\t\n\t\t\t\t\t\t<div class=\"elementor-icon-box-content\">\n\n\t\t\t\t\t\t\t\t\t<div class=\"elementor-icon-box-title\">\n\t\t\t\t\t\t<span  >\n\t\t\t\t\t\t\tRED CARPET<br>18.00-19.00\t\t\t\t\t\t<\/span>\n\t\t\t\t\t<\/div>\n\t\t\t\t\n\t\t\t\t\t\t\t\t\t<p class=\"elementor-icon-box-description\">\n\t\t\t\t\t\tfor the VIP, NOMINEES, Guest picture taking &amp; exclusive interview\n\n\t\t\t\t\t<\/p>\n\t\t\t\t\n\t\t\t<\/div>\n\t\t\t\n\t\t<\/div>\n\t\t\t\t\t\t<\/div>\n\t\t\t\t<\/div>\n\t\t\t\t<\/div>\n\t\t<div class=\"elementor-element elementor-element-42b24d5 e-con-full e-flex e-con e-child\" data-id=\"42b24d5\" data-element_type=\"container\" data-settings=\"{&quot;background_background&quot;:&quot;gradient&quot;}\">\n\t\t\t\t<div class=\"elementor-element elementor-element-0737828 elementor-widget elementor-widget-image\" data-id=\"0737828\" data-element_type=\"widget\" data-widget_type=\"image.default\">\n\t\t\t\t<div class=\"elementor-widget-container\">\n\t\t\t\t\t\t\t\t\t\t\t\t\t\t\t<img decoding=\"async\" src=\"https:\/\/timorlestemusicawards.com\/wp-content\/uploads\/elementor\/thumbs\/2-e1728974928380-qvl0tps9nfxierjog1jz1jzkn5bwaw4tsnt7edj4ww.webp\" title=\"2\" alt=\"2\" loading=\"lazy\" \/>\t\t\t\t\t\t\t\t\t\t\t\t\t\t\t<\/div>\n\t\t\t\t<\/div>\n\t\t\t\t<div class=\"elementor-element elementor-element-b27e2be elementor-widget elementor-widget-icon-box\" data-id=\"b27e2be\" data-element_type=\"widget\" data-widget_type=\"icon-box.default\">\n\t\t\t\t<div class=\"elementor-widget-container\">\n\t\t\t\t\t\t\t<div class=\"elementor-icon-box-wrapper\">\n\n\t\t\t\n\t\t\t\t\t\t<div class=\"elementor-icon-box-content\">\n\n\t\t\t\t\t\t\t\t\t<div class=\"elementor-icon-box-title\">\n\t\t\t\t\t\t<span  >\n\t\t\t\t\t\t\tOPENING CEREMON<br>19.00-20.00\t\t\t\t\t\t<\/span>\n\t\t\t\t\t<\/div>\n\t\t\t\t\n\t\t\t\t\t\t\t\t\t<p class=\"elementor-icon-box-description\">\n\t\t\t\t\t\tthe event will start with an opening performance that reflecs the yheme of the night, followed by a welcome speech\n\n\t\t\t\t\t<\/p>\n\t\t\t\t\n\t\t\t<\/div>\n\t\t\t\n\t\t<\/div>\n\t\t\t\t\t\t<\/div>\n\t\t\t\t<\/div>\n\t\t\t\t<\/div>\n\t\t<div class=\"elementor-element elementor-element-b6bfd20 e-con-full e-flex e-con e-child\" data-id=\"b6bfd20\" data-element_type=\"container\" data-settings=\"{&quot;background_background&quot;:&quot;gradient&quot;}\">\n\t\t\t\t<div class=\"elementor-element elementor-element-d3904fa elementor-widget elementor-widget-image\" data-id=\"d3904fa\" data-element_type=\"widget\" data-widget_type=\"image.default\">\n\t\t\t\t<div class=\"elementor-widget-container\">\n\t\t\t\t\t\t\t\t\t\t\t\t\t\t\t<img decoding=\"async\" src=\"https:\/\/timorlestemusicawards.com\/wp-content\/uploads\/elementor\/thumbs\/3-e1728974969373-qvl0usbnfne9mrzp707ods9gzy1y2hdtlyk42pxzts.webp\" title=\"3\" alt=\"3\" loading=\"lazy\" \/>\t\t\t\t\t\t\t\t\t\t\t\t\t\t\t<\/div>\n\t\t\t\t<\/div>\n\t\t\t\t<div class=\"elementor-element elementor-element-a734718 elementor-widget elementor-widget-icon-box\" data-id=\"a734718\" data-element_type=\"widget\" data-widget_type=\"icon-box.default\">\n\t\t\t\t<div class=\"elementor-widget-container\">\n\t\t\t\t\t\t\t<div class=\"elementor-icon-box-wrapper\">\n\n\t\t\t\n\t\t\t\t\t\t<div class=\"elementor-icon-box-content\">\n\n\t\t\t\t\t\t\t\t\t<div class=\"elementor-icon-box-title\">\n\t\t\t\t\t\t<span  >\n\t\t\t\t\t\t\tAwards Presentation<br>20.00-20.30\t\t\t\t\t\t<\/span>\n\t\t\t\t\t<\/div>\n\t\t\t\t\n\t\t\t\t\t\t\t\t\t<p class=\"elementor-icon-box-description\">\n\t\t\t\t\t\tThe first set of awards will be presented, including CATEGORIES SUCH AS\t\t\t\t\t<\/p>\n\t\t\t\t\n\t\t\t<\/div>\n\t\t\t\n\t\t<\/div>\n\t\t\t\t\t\t<\/div>\n\t\t\t\t<\/div>\n\t\t\t\t<\/div>\n\t\t\t\t<\/div>\n\t\t<div class=\"elementor-element elementor-element-fc0adf7 e-con-full e-flex e-con e-child\" data-id=\"fc0adf7\" data-element_type=\"container\">\n\t\t<div class=\"elementor-element elementor-element-04c5a9e e-con-full e-flex e-con e-child\" data-id=\"04c5a9e\" data-element_type=\"container\" data-settings=\"{&quot;background_background&quot;:&quot;gradient&quot;}\">\n\t\t\t\t<div class=\"elementor-element elementor-element-b697649 elementor-widget elementor-widget-image\" data-id=\"b697649\" data-element_type=\"widget\" data-widget_type=\"image.default\">\n\t\t\t\t<div class=\"elementor-widget-container\">\n\t\t\t\t\t\t\t\t\t\t\t\t\t\t\t<img decoding=\"async\" src=\"https:\/\/timorlestemusicawards.com\/wp-content\/uploads\/elementor\/thumbs\/4-e1728975008369-qvl0vtx710tqj6h33ggr5irwrcwmmdj334nj9se8ww.webp\" title=\"4\" alt=\"4\" loading=\"lazy\" \/>\t\t\t\t\t\t\t\t\t\t\t\t\t\t\t<\/div>\n\t\t\t\t<\/div>\n\t\t\t\t<div class=\"elementor-element elementor-element-2e9a2b3 elementor-widget elementor-widget-icon-box\" data-id=\"2e9a2b3\" data-element_type=\"widget\" data-widget_type=\"icon-box.default\">\n\t\t\t\t<div class=\"elementor-widget-container\">\n\t\t\t\t\t\t\t<div class=\"elementor-icon-box-wrapper\">\n\n\t\t\t\n\t\t\t\t\t\t<div class=\"elementor-icon-box-content\">\n\n\t\t\t\t\t\t\t\t\t<div class=\"elementor-icon-box-title\">\n\t\t\t\t\t\t<span  >\n\t\t\t\t\t\t\tPERFORMANCES<br>20.30 - 21.00\t\t\t\t\t\t<\/span>\n\t\t\t\t\t<\/div>\n\t\t\t\t\n\t\t\t\t\t\t\t\t\t<p class=\"elementor-icon-box-description\">\n\t\t\t\t\t\tPerformances by some of Timor-Leste\u2019s top artists, featuring a blend of traditional music with modern styles\n\n\t\t\t\t\t<\/p>\n\t\t\t\t\n\t\t\t<\/div>\n\t\t\t\n\t\t<\/div>\n\t\t\t\t\t\t<\/div>\n\t\t\t\t<\/div>\n\t\t\t\t<\/div>\n\t\t<div class=\"elementor-element elementor-element-6e623de e-con-full e-flex e-con e-child\" data-id=\"6e623de\" data-element_type=\"container\" data-settings=\"{&quot;background_background&quot;:&quot;gradient&quot;}\">\n\t\t\t\t<div class=\"elementor-element elementor-element-1caedcb elementor-widget elementor-widget-image\" data-id=\"1caedcb\" data-element_type=\"widget\" data-widget_type=\"image.default\">\n\t\t\t\t<div class=\"elementor-widget-container\">\n\t\t\t\t\t\t\t\t\t\t\t\t\t\t\t<img decoding=\"async\" src=\"https:\/\/timorlestemusicawards.com\/wp-content\/uploads\/elementor\/thumbs\/5-e1728975053517-qvl0x07xkkfn1mrn8gqyrq3nhp458r708y0dv8nj4w.webp\" title=\"5\" alt=\"5\" loading=\"lazy\" \/>\t\t\t\t\t\t\t\t\t\t\t\t\t\t\t<\/div>\n\t\t\t\t<\/div>\n\t\t\t\t<div class=\"elementor-element elementor-element-22005aa elementor-widget elementor-widget-icon-box\" data-id=\"22005aa\" data-element_type=\"widget\" data-widget_type=\"icon-box.default\">\n\t\t\t\t<div class=\"elementor-widget-container\">\n\t\t\t\t\t\t\t<div class=\"elementor-icon-box-wrapper\">\n\n\t\t\t\n\t\t\t\t\t\t<div class=\"elementor-icon-box-content\">\n\n\t\t\t\t\t\t\t\t\t<div class=\"elementor-icon-box-title\">\n\t\t\t\t\t\t<span  >\n\t\t\t\t\t\t\tAwards Presentation <br>21.00 - 21.30\t\t\t\t\t\t<\/span>\n\t\t\t\t\t<\/div>\n\t\t\t\t\n\t\t\t\t\t\t\t\t\t<p class=\"elementor-icon-box-description\">\n\t\t\t\t\t\tContinuation of the awards presentation, including categories for Best Band, Best Music Video, and Lifetime Achievement\n\n\t\t\t\t\t<\/p>\n\t\t\t\t\n\t\t\t<\/div>\n\t\t\t\n\t\t<\/div>\n\t\t\t\t\t\t<\/div>\n\t\t\t\t<\/div>\n\t\t\t\t<\/div>\n\t\t<div class=\"elementor-element elementor-element-a7a1ab3 e-con-full e-flex e-con e-child\" data-id=\"a7a1ab3\" data-element_type=\"container\" data-settings=\"{&quot;background_background&quot;:&quot;gradient&quot;}\">\n\t\t\t\t<div class=\"elementor-element elementor-element-a5296c4 elementor-widget elementor-widget-image\" data-id=\"a5296c4\" data-element_type=\"widget\" data-widget_type=\"image.default\">\n\t\t\t\t<div class=\"elementor-widget-container\">\n\t\t\t\t\t\t\t\t\t\t\t\t\t\t\t<img decoding=\"async\" src=\"https:\/\/timorlestemusicawards.com\/wp-content\/uploads\/elementor\/thumbs\/6-e1728975086832-qvl0xuarn9ktd5jyctr0ziiei0zw32if12vx83exls.webp\" title=\"6\" alt=\"6\" loading=\"lazy\" \/>\t\t\t\t\t\t\t\t\t\t\t\t\t\t\t<\/div>\n\t\t\t\t<\/div>\n\t\t\t\t<div class=\"elementor-element elementor-element-a2fbc14 elementor-widget elementor-widget-icon-box\" data-id=\"a2fbc14\" data-element_type=\"widget\" data-widget_type=\"icon-box.default\">\n\t\t\t\t<div class=\"elementor-widget-container\">\n\t\t\t\t\t\t\t<div class=\"elementor-icon-box-wrapper\">\n\n\t\t\t\n\t\t\t\t\t\t<div class=\"elementor-icon-box-content\">\n\n\t\t\t\t\t\t\t\t\t<div class=\"elementor-icon-box-title\">\n\t\t\t\t\t\t<span  >\n\t\t\t\t\t\t\tCLOSING - FINALE<br>21.30 - 22.00\t\t\t\t\t\t<\/span>\n\t\t\t\t\t<\/div>\n\t\t\t\t\n\t\t\t\t\t\t\t\t\t<p class=\"elementor-icon-box-description\">\n\t\t\t\t\t\tThe event will conclude with a special performance by the evening\u2019s top winner, followed by closing remarks from the organizers\n\t\t\t\t\t<\/p>\n\t\t\t\t\n\t\t\t<\/div>\n\t\t\t\n\t\t<\/div>\n\t\t\t\t\t\t<\/div>\n\t\t\t\t<\/div>\n\t\t\t\t<\/div>\n\t\t\t\t<\/div>\n\t\t\t\t<\/div>\n\t\t\t\t<\/div>","protected":false},"excerpt":{"rendered":"<p>RED CARPET18.00-19.00 Atu VIP sira, Nominee sira, ho Konvidadu sira ba foto eksklusivu no intervista eksklusivu SEREMONIA APERTURA19.00-20.00 Evento sei hah\u00fa ho performansa abertura ne\u2019eb\u00e9 mostra t\u00e9ma kalan, tuir mai hah\u00fa diskursu di\u2019ak hodi f\u00f3 bem-vindu ba tuir-malu APRESENTASAUN PREMIA20.00-20.30 Loron primeira premia sei aprezenta, inklui kategori tais, hanesan PERFORMANSA20.30 &#8211; 21.00 Performansa husi artista [&hellip;]<\/p>\n","protected":false},"author":1,"featured_media":0,"parent":0,"menu_order":0,"comment_status":"closed","ping_status":"open","template":"elementor_header_footer","meta":{"footnotes":""},"folder":[],"class_list":["post-167","page","type-page","status-publish","hentry"],"_links":{"self":[{"href":"https:\/\/timorlestemusicawards.com\/en\/wp-json\/wp\/v2\/pages\/167","targetHints":{"allow":["GET"]}}],"collection":[{"href":"https:\/\/timorlestemusicawards.com\/en\/wp-json\/wp\/v2\/pages"}],"about":[{"href":"https:\/\/timorlestemusicawards.com\/en\/wp-json\/wp\/v2\/types\/page"}],"author":[{"embeddable":true,"href":"https:\/\/timorlestemusicawards.com\/en\/wp-json\/wp\/v2\/users\/1"}],"replies":[{"embeddable":true,"href":"https:\/\/timorlestemusicawards.com\/en\/wp-json\/wp\/v2\/comments?post=167"}],"version-history":[{"count":49,"href":"https:\/\/timorlestemusicawards.com\/en\/wp-json\/wp\/v2\/pages\/167\/revisions"}],"predecessor-version":[{"id":701,"href":"https:\/\/timorlestemusicawards.com\/en\/wp-json\/wp\/v2\/pages\/167\/revisions\/701"}],"wp:attachment":[{"href":"https:\/\/timorlestemusicawards.com\/en\/wp-json\/wp\/v2\/media?parent=167"}],"wp:term":[{"taxonomy":"folder","embeddable":true,"href":"https:\/\/timorlestemusicawards.com\/en\/wp-json\/wp\/v2\/folder?post=167"}],"curies":[{"name":"wp","href":"https:\/\/api.w.org\/{rel}","templated":true}]}}